{"id":4090,"date":"2018-11-15T03:19:37","date_gmt":"2018-11-15T02:19:37","guid":{"rendered":"https:\/\/videomappingcenter.com\/metiers-des-nouvelles-images\/"},"modified":"2025-10-10T12:54:24","modified_gmt":"2025-10-10T10:54:24","slug":"video-mapping-careers","status":"publish","type":"page","link":"https:\/\/videomappingcenter.com\/en\/video-mapping-careers\/","title":{"rendered":"Video Mapping Careers"},"content":{"rendered":"<h1 style=\"text-align: justify;\">Video Mapping Careers<\/h1>\n<p style=\"text-align: justify;\"><strong>EMPLOYMENT SUPPORT PROGRAMME<br \/>\n<\/strong><strong>Aimed at young people aged 18 to 29 (not in training) wishing to undertake training.<\/strong><\/p>\n<p>&nbsp;<\/p>\n<p style=\"text-align: justify;\">The Rencontres Audiovisuelles association is offering <strong>&#8220;Video Mapping Careers&#8221;, a support programme for those wishing to work in the video mapping industry<\/strong>, divided into 3 courses: <\/strong><\/p>\n<p style=\"text-align: justify;\"><strong> <font color=\"#5b9c9c\">\u2022 GENERALIST COURSE &#8211; NEW IMAGE CAREERS<\/font><\/strong><br \/>\n<strong>A course dedicated to supporting students in the artistic and technical aspects of video mapping.<\/strong><br \/>\nThe programme includes <strong>theoretical and practical training, job coaching and a group project.<\/strong><br \/>\nDuration: 4 months per session<br \/>\nLocation: Lille<\/p>\n<p><strong><font color=\"#5b9c9c\">\u2022 &#8220;MAPPING CREATION&#8221; COURSE<\/font><\/strong><br \/>\n<strong>A course dedicated to supporting creative careers in video mapping.<\/strong><br \/>\nThe programme includes <strong>theoretical and practical training, job coaching and a group project in a video mapping studio.<\/strong><br \/>\nDuration: 7 months per session<br \/>\nLocation: Amiens<\/p>\n<p><strong><font color=\"#5b9c9c\">\u2022 &#8220;MAPPING TECHNIQUE&#8221; COURSE<\/font><\/strong><br \/>\n<strong>A course dedicated to supporting technical careers in video mapping.<\/strong><br \/>\nThe programme includes theoretical and practical training, job coaching and on-site immersion.<br \/>\nDuration: 7 months per session<br \/>\nLocation: Arenberg Creative Mine<\/p>\n<p>\n<strong>TARGET AUDIENCE<\/strong><br \/>\nAt the time of joining the programme, participants must:<br \/>\n<strong>\u2022 live in the Hauts-de-France region,<\/strong><br \/>\n<strong>\u2022 be aged between 18 and 29,<\/strong><br \/>\n\u2022 be unemployed and not enrolled in education or vocational training.<\/p>\n<p>\n<strong>FEES <\/strong><br \/>\nRegistration fees are covered by the European Union &#8211; European Social Fund +, and Amiens M\u00e9tropole for the Creation programme, and the Communaut\u00e9 d&#8217;Agglom\u00e9ration de La Porte du Hainaut \/ Arenberg Creative Mine for the Technique programme.<\/p>\n<p>\n<em>This support is co-financed by the European Union (FSE+).<\/em><\/p>\n<p style=\"text-align: justify;\"><img loading=\"lazy\" decoding=\"async\" class=\"wp-image-18488 size-full alignleft\" src=\"https:\/\/videomappingcenter.com\/wp-content\/uploads\/2025\/10\/Metiers_video_mapping_logos.png\" alt=\"\" width=\"593\" height=\"86\" srcset=\"https:\/\/videomappingcenter.com\/wp-content\/uploads\/2025\/10\/Metiers_video_mapping_logos.png 593w, https:\/\/videomappingcenter.com\/wp-content\/uploads\/2025\/10\/Metiers_video_mapping_logos-300x44.png 300w\" sizes=\"auto, (max-width: 593px) 100vw, 593px\" \/><\/p>\n<p>&nbsp;<br \/>\n&nbsp;<br \/>\n&nbsp;<\/p>\n","protected":false},"excerpt":{"rendered":"<p>Video Mapping Careers EMPLOYMENT SUPPORT PROGRAMME Aimed at young people aged 18 to 29 (not in training) wishing to undertake training. &nbsp; The Rencontres Audiovisuelles association is offering &#8220;Video Mapping Careers&#8221;, a support programme for those wishing to work in the video mapping industry, divided into 3 courses: \u2022 GENERALIST COURSE &#8211; NEW IMAGE CAREERS [&hellip;]<\/p>\n","protected":false},"author":1,"featured_media":4151,"parent":0,"menu_order":0,"comment_status":"closed","ping_status":"closed","template":"template-modules.php","meta":{"footnotes":""},"class_list":["post-4090","page","type-page","status-publish","has-post-thumbnail","hentry"],"yoast_head":"<!-- This site is optimized with the Yoast SEO plugin v25.8 - https:\/\/yoast.com\/wordpress\/plugins\/seo\/ -->\n<title>Video Mapping Careers | Video Mapping European Center<\/title>\n<meta name=\"robots\" content=\"index, follow, max-snippet:-1, max-image-preview:large, max-video-preview:-1\" \/>\n<link rel=\"canonical\" href=\"https:\/\/videomappingcenter.com\/en\/video-mapping-careers\/\" \/>\n<meta property=\"og:locale\" content=\"en_US\" \/>\n<meta property=\"og:type\" content=\"article\" \/>\n<meta property=\"og:title\" content=\"Video Mapping Careers | Video Mapping European Center\" \/>\n<meta property=\"og:description\" content=\"Video Mapping Careers EMPLOYMENT SUPPORT PROGRAMME Aimed at young people aged 18 to 29 (not in training) wishing to undertake training. &nbsp; The Rencontres Audiovisuelles association is offering &#8220;Video Mapping Careers&#8221;, a support programme for those wishing to work in the video mapping industry, divided into 3 courses: \u2022 GENERALIST COURSE &#8211; NEW IMAGE CAREERS [&hellip;]\" \/>\n<meta property=\"og:url\" content=\"https:\/\/videomappingcenter.com\/en\/video-mapping-careers\/\" \/>\n<meta property=\"og:site_name\" content=\"Video Mapping European Center\" \/>\n<meta property=\"article:modified_time\" content=\"2025-10-10T10:54:24+00:00\" \/>\n<meta property=\"og:image\" content=\"https:\/\/videomappingcenter.com\/wp-content\/uploads\/2018\/11\/Metiers_Nouvelles_Images.jpg\" \/>\n\t<meta property=\"og:image:width\" content=\"900\" \/>\n\t<meta property=\"og:image:height\" content=\"500\" \/>\n\t<meta property=\"og:image:type\" content=\"image\/jpeg\" \/>\n<meta name=\"twitter:card\" content=\"summary_large_image\" \/>\n<meta name=\"twitter:label1\" content=\"Est. reading time\" \/>\n\t<meta name=\"twitter:data1\" content=\"2 minutes\" \/>\n<script type=\"application\/ld+json\" class=\"yoast-schema-graph\">{\"@context\":\"https:\/\/schema.org\",\"@graph\":[{\"@type\":\"WebPage\",\"@id\":\"https:\/\/videomappingcenter.com\/en\/video-mapping-careers\/\",\"url\":\"https:\/\/videomappingcenter.com\/en\/video-mapping-careers\/\",\"name\":\"Video Mapping Careers | Video Mapping European Center\",\"isPartOf\":{\"@id\":\"https:\/\/videomappingcenter.com\/?lang=en\/#website\"},\"primaryImageOfPage\":{\"@id\":\"https:\/\/videomappingcenter.com\/en\/video-mapping-careers\/#primaryimage\"},\"image\":{\"@id\":\"https:\/\/videomappingcenter.com\/en\/video-mapping-careers\/#primaryimage\"},\"thumbnailUrl\":\"https:\/\/videomappingcenter.com\/wp-content\/uploads\/2018\/11\/Metiers_Nouvelles_Images.jpg\",\"datePublished\":\"2018-11-15T02:19:37+00:00\",\"dateModified\":\"2025-10-10T10:54:24+00:00\",\"breadcrumb\":{\"@id\":\"https:\/\/videomappingcenter.com\/en\/video-mapping-careers\/#breadcrumb\"},\"inLanguage\":\"en-US\",\"potentialAction\":[{\"@type\":\"ReadAction\",\"target\":[\"https:\/\/videomappingcenter.com\/en\/video-mapping-careers\/\"]}]},{\"@type\":\"ImageObject\",\"inLanguage\":\"en-US\",\"@id\":\"https:\/\/videomappingcenter.com\/en\/video-mapping-careers\/#primaryimage\",\"url\":\"https:\/\/videomappingcenter.com\/wp-content\/uploads\/2018\/11\/Metiers_Nouvelles_Images.jpg\",\"contentUrl\":\"https:\/\/videomappingcenter.com\/wp-content\/uploads\/2018\/11\/Metiers_Nouvelles_Images.jpg\",\"width\":900,\"height\":500},{\"@type\":\"BreadcrumbList\",\"@id\":\"https:\/\/videomappingcenter.com\/en\/video-mapping-careers\/#breadcrumb\",\"itemListElement\":[{\"@type\":\"ListItem\",\"position\":1,\"name\":\"Accueil\",\"item\":\"https:\/\/videomappingcenter.com\/\"},{\"@type\":\"ListItem\",\"position\":2,\"name\":\"Video Mapping Careers\"}]},{\"@type\":\"WebSite\",\"@id\":\"https:\/\/videomappingcenter.com\/?lang=en\/#website\",\"url\":\"https:\/\/videomappingcenter.com\/?lang=en\/\",\"name\":\"Video Mapping European Center\",\"description\":\"Video Mapping European Center\",\"publisher\":{\"@id\":\"https:\/\/videomappingcenter.com\/?lang=en\/#organization\"},\"potentialAction\":[{\"@type\":\"SearchAction\",\"target\":{\"@type\":\"EntryPoint\",\"urlTemplate\":\"https:\/\/videomappingcenter.com\/?lang=en\/?s={search_term_string}\"},\"query-input\":{\"@type\":\"PropertyValueSpecification\",\"valueRequired\":true,\"valueName\":\"search_term_string\"}}],\"inLanguage\":\"en-US\"},{\"@type\":\"Organization\",\"@id\":\"https:\/\/videomappingcenter.com\/?lang=en\/#organization\",\"name\":\"Video Mapping European Center\",\"url\":\"https:\/\/videomappingcenter.com\/?lang=en\/\",\"logo\":{\"@type\":\"ImageObject\",\"inLanguage\":\"en-US\",\"@id\":\"https:\/\/videomappingcenter.com\/?lang=en\/#\/schema\/logo\/image\/\",\"url\":\"https:\/\/videomappingcenter.com\/wp-content\/uploads\/2017\/07\/logo-v3.png\",\"contentUrl\":\"https:\/\/videomappingcenter.com\/wp-content\/uploads\/2017\/07\/logo-v3.png\",\"width\":300,\"height\":135,\"caption\":\"Video Mapping European Center\"},\"image\":{\"@id\":\"https:\/\/videomappingcenter.com\/?lang=en\/#\/schema\/logo\/image\/\"}}]}<\/script>\n<!-- \/ Yoast SEO plugin. -->","yoast_head_json":{"title":"Video Mapping Careers | Video Mapping European Center","robots":{"index":"index","follow":"follow","max-snippet":"max-snippet:-1","max-image-preview":"max-image-preview:large","max-video-preview":"max-video-preview:-1"},"canonical":"https:\/\/videomappingcenter.com\/en\/video-mapping-careers\/","og_locale":"en_US","og_type":"article","og_title":"Video Mapping Careers | Video Mapping European Center","og_description":"Video Mapping Careers EMPLOYMENT SUPPORT PROGRAMME Aimed at young people aged 18 to 29 (not in training) wishing to undertake training. &nbsp; The Rencontres Audiovisuelles association is offering &#8220;Video Mapping Careers&#8221;, a support programme for those wishing to work in the video mapping industry, divided into 3 courses: \u2022 GENERALIST COURSE &#8211; NEW IMAGE CAREERS [&hellip;]","og_url":"https:\/\/videomappingcenter.com\/en\/video-mapping-careers\/","og_site_name":"Video Mapping European Center","article_modified_time":"2025-10-10T10:54:24+00:00","og_image":[{"width":900,"height":500,"url":"https:\/\/videomappingcenter.com\/wp-content\/uploads\/2018\/11\/Metiers_Nouvelles_Images.jpg","type":"image\/jpeg"}],"twitter_card":"summary_large_image","twitter_misc":{"Est. reading time":"2 minutes"},"schema":{"@context":"https:\/\/schema.org","@graph":[{"@type":"WebPage","@id":"https:\/\/videomappingcenter.com\/en\/video-mapping-careers\/","url":"https:\/\/videomappingcenter.com\/en\/video-mapping-careers\/","name":"Video Mapping Careers | Video Mapping European Center","isPartOf":{"@id":"https:\/\/videomappingcenter.com\/?lang=en\/#website"},"primaryImageOfPage":{"@id":"https:\/\/videomappingcenter.com\/en\/video-mapping-careers\/#primaryimage"},"image":{"@id":"https:\/\/videomappingcenter.com\/en\/video-mapping-careers\/#primaryimage"},"thumbnailUrl":"https:\/\/videomappingcenter.com\/wp-content\/uploads\/2018\/11\/Metiers_Nouvelles_Images.jpg","datePublished":"2018-11-15T02:19:37+00:00","dateModified":"2025-10-10T10:54:24+00:00","breadcrumb":{"@id":"https:\/\/videomappingcenter.com\/en\/video-mapping-careers\/#breadcrumb"},"inLanguage":"en-US","potentialAction":[{"@type":"ReadAction","target":["https:\/\/videomappingcenter.com\/en\/video-mapping-careers\/"]}]},{"@type":"ImageObject","inLanguage":"en-US","@id":"https:\/\/videomappingcenter.com\/en\/video-mapping-careers\/#primaryimage","url":"https:\/\/videomappingcenter.com\/wp-content\/uploads\/2018\/11\/Metiers_Nouvelles_Images.jpg","contentUrl":"https:\/\/videomappingcenter.com\/wp-content\/uploads\/2018\/11\/Metiers_Nouvelles_Images.jpg","width":900,"height":500},{"@type":"BreadcrumbList","@id":"https:\/\/videomappingcenter.com\/en\/video-mapping-careers\/#breadcrumb","itemListElement":[{"@type":"ListItem","position":1,"name":"Accueil","item":"https:\/\/videomappingcenter.com\/"},{"@type":"ListItem","position":2,"name":"Video Mapping Careers"}]},{"@type":"WebSite","@id":"https:\/\/videomappingcenter.com\/?lang=en\/#website","url":"https:\/\/videomappingcenter.com\/?lang=en\/","name":"Video Mapping European Center","description":"Video Mapping European Center","publisher":{"@id":"https:\/\/videomappingcenter.com\/?lang=en\/#organization"},"potentialAction":[{"@type":"SearchAction","target":{"@type":"EntryPoint","urlTemplate":"https:\/\/videomappingcenter.com\/?lang=en\/?s={search_term_string}"},"query-input":{"@type":"PropertyValueSpecification","valueRequired":true,"valueName":"search_term_string"}}],"inLanguage":"en-US"},{"@type":"Organization","@id":"https:\/\/videomappingcenter.com\/?lang=en\/#organization","name":"Video Mapping European Center","url":"https:\/\/videomappingcenter.com\/?lang=en\/","logo":{"@type":"ImageObject","inLanguage":"en-US","@id":"https:\/\/videomappingcenter.com\/?lang=en\/#\/schema\/logo\/image\/","url":"https:\/\/videomappingcenter.com\/wp-content\/uploads\/2017\/07\/logo-v3.png","contentUrl":"https:\/\/videomappingcenter.com\/wp-content\/uploads\/2017\/07\/logo-v3.png","width":300,"height":135,"caption":"Video Mapping European Center"},"image":{"@id":"https:\/\/videomappingcenter.com\/?lang=en\/#\/schema\/logo\/image\/"}}]}},"_links":{"self":[{"href":"https:\/\/videomappingcenter.com\/en\/wp-json\/wp\/v2\/pages\/4090","targetHints":{"allow":["GET"]}}],"collection":[{"href":"https:\/\/videomappingcenter.com\/en\/wp-json\/wp\/v2\/pages"}],"about":[{"href":"https:\/\/videomappingcenter.com\/en\/wp-json\/wp\/v2\/types\/page"}],"author":[{"embeddable":true,"href":"https:\/\/videomappingcenter.com\/en\/wp-json\/wp\/v2\/users\/1"}],"replies":[{"embeddable":true,"href":"https:\/\/videomappingcenter.com\/en\/wp-json\/wp\/v2\/comments?post=4090"}],"version-history":[{"count":2,"href":"https:\/\/videomappingcenter.com\/en\/wp-json\/wp\/v2\/pages\/4090\/revisions"}],"predecessor-version":[{"id":18502,"href":"https:\/\/videomappingcenter.com\/en\/wp-json\/wp\/v2\/pages\/4090\/revisions\/18502"}],"wp:featuredmedia":[{"embeddable":true,"href":"https:\/\/videomappingcenter.com\/en\/wp-json\/wp\/v2\/media\/4151"}],"wp:attachment":[{"href":"https:\/\/videomappingcenter.com\/en\/wp-json\/wp\/v2\/media?parent=4090"}],"curies":[{"name":"wp","href":"https:\/\/api.w.org\/{rel}","templated":true}]}}